{"id":417,"date":"2023-02-13T17:53:45","date_gmt":"2023-02-13T17:53:45","guid":{"rendered":"https:\/\/prommagroup.com\/?page_id=417"},"modified":"2025-01-24T15:15:44","modified_gmt":"2025-01-24T15:15:44","slug":"privacy-policy","status":"publish","type":"page","link":"https:\/\/prommagroup.com\/es\/privacy-policy\/","title":{"rendered":"Privacy policy"},"content":{"rendered":"<div data-elementor-type=\"wp-page\" data-elementor-id=\"417\" class=\"elementor elementor-417\" data-elementor-post-type=\"page\">\n\t\t\t\t<div class=\"elementor-element elementor-element-03b2afc e-flex e-con-boxed e-con e-parent\" data-id=\"03b2afc\" data-element_type=\"container\" data-e-type=\"container\" data-settings=\"{&quot;background_background&quot;:&quot;classic&quot;}\">\n\t\t\t\t\t<div class=\"e-con-inner\">\n\t\t\t\t<div class=\"elementor-element elementor-element-68f12c8 elementor-widget__width-initial elementor-widget elementor-widget-heading\" data-id=\"68f12c8\" data-element_type=\"widget\" data-e-type=\"widget\" data-widget_type=\"heading.default\">\n\t\t\t\t<div class=\"elementor-widget-container\">\n\t\t\t\t\t<h1 class=\"elementor-heading-title elementor-size-default\">Pol\u00edtica de Privacidad y Condiciones del Servicio \n<\/h1>\t\t\t\t<\/div>\n\t\t\t\t<\/div>\n\t\t\t\t\t<\/div>\n\t\t\t\t<\/div>\n\t\t<div class=\"elementor-element elementor-element-f233c71 e-flex e-con-boxed e-con e-parent\" data-id=\"f233c71\" data-element_type=\"container\" data-e-type=\"container\">\n\t\t\t\t\t<div class=\"e-con-inner\">\n\t\t<div class=\"elementor-element elementor-element-28137b9 e-con-full e-flex e-con e-child\" data-id=\"28137b9\" data-element_type=\"container\" data-e-type=\"container\">\n\t\t\t\t<div class=\"elementor-element elementor-element-4727834 elementor-widget elementor-widget-heading\" data-id=\"4727834\" data-element_type=\"widget\" data-e-type=\"widget\" data-widget_type=\"heading.default\">\n\t\t\t\t<div class=\"elementor-widget-container\">\n\t\t\t\t\t<h2 class=\"elementor-heading-title elementor-size-default\">POL\u00cdTICA DE PRIVACIDAD\n<\/h2>\t\t\t\t<\/div>\n\t\t\t\t<\/div>\n\t\t\t\t<div class=\"elementor-element elementor-element-38252aa elementor-widget elementor-widget-text-editor\" data-id=\"38252aa\" data-element_type=\"widget\" data-e-type=\"widget\" data-widget_type=\"text-editor.default\">\n\t\t\t\t<div class=\"elementor-widget-container\">\n\t\t\t\t\t\t\t\t\t<ol><li><h3>WHAT THIS PRIVACY POLICY COVERS<\/h3><p>La presente Pol\u00edtica de privacidad de Mobirise (\"Pol\u00edtica de privacidad\") describe el modo en que (\"Grupo Promma\", \"nosotros\", \"nos\") recopilamos y utilizamos la informaci\u00f3n relativa a cada uno de nuestros visitantes y usuarios registrados (\"Usuario\", \"usted\"), en relaci\u00f3n con su acceso y uso de los sitios web, aplicaciones de escritorio o m\u00f3viles y servicios relacionados del Grupo Promma (colectivamente, los \"Servicios\").<br \/>Nos comprometemos a proteger y respetar sus datos personales. Utilizaremos la informaci\u00f3n que recopilemos sobre usted de conformidad con el Reglamento General de Protecci\u00f3n de Datos (RGPD).<br \/>Al acceder o utilizar cualquiera de nuestros Servicios, usted acepta y consiente las pr\u00e1cticas descritas en esta pol\u00edtica.<\/p><\/li><li><h3>WHAT INFORMATION WE COLLECT<\/h3><p>Podemos recopilar los siguientes tipos de informaci\u00f3n personal: datos de contacto (por ejemplo direcci\u00f3n de correo electr\u00f3nico o n\u00famero de tel\u00e9fono), datos relativos a una sesi\u00f3n de navegaci\u00f3n o uso (direcci\u00f3n IP, geolocalizaci\u00f3n, dispositivo del Usuario, sistema operativo, navegador de Internet, resoluci\u00f3n de pantalla, configuraci\u00f3n de idioma y teclado, proveedor de servicios de Internet, p\u00e1ginas de referencia, marcas de tiempo, etc.), informaci\u00f3n relativa a cualquier pedido que realice en los Servicios (su nombre, direcci\u00f3n postal, n\u00famero de transacci\u00f3n y direcci\u00f3n de correo electr\u00f3nico), datos relativos a cuentas de terceros conectadas (como el correo electr\u00f3nico o el nombre de usuario de una cuenta de PayPal, Google o Facebook conectada) y cualquier otra informaci\u00f3n personal que decida enviarnos.<\/p><p>No recopilamos, accedemos ni almacenamos informaci\u00f3n sobre tarjetas de cr\u00e9dito. Utilizamos PayPal, 2checkout y Avangate como procesadores de pagos de terceros. Consulte los sitios web de PayPal, 2checkout y Avangate para obtener informaci\u00f3n detallada sobre c\u00f3mo se gestiona y protege su informaci\u00f3n financiera.<\/p><\/li><li><h3>HOW WE USE PERSONAL INFORMATION<\/h3><p>Recopilamos informaci\u00f3n personal con los siguientes fines: prestar y gestionar los Servicios; seguir desarrollando, personalizando y mejorando nuestros Servicios, bas\u00e1ndonos en las preferencias, experiencias y dificultades comunes o personales de los Usuarios; proporcionar a nuestros Usuarios asistencia al cliente y soporte t\u00e9cnico continuos; poder ponernos en contacto con los Usuarios con avisos generales o personalizados relacionados con los Servicios y mensajes promocionales (si no desea recibir los mensajes promocionales, puede notific\u00e1rnoslo en cualquier momento o seguir las instrucciones para \"darse de baja\" contenidas en los mensajes); proteger nuestros intereses y los de otros, as\u00ed como sus derechos y propiedad; cumplir cualquier ley y normativa aplicables.<\/p><\/li><li><h3>WHERE WE STORE PERSONAL INFORMATION<\/h3><p>La informaci\u00f3n personal que nos env\u00ede a trav\u00e9s de los Servicios podr\u00e1 ser almacenada, procesada y transferida a pa\u00edses distintos de su lugar de residencia, por ejemplo, a nuestros servidores o a nuestros proveedores de servicios autorizados en los Estados Unidos de Am\u00e9rica o en el Espacio Econ\u00f3mico Europeo (EEE). Al enviarnos su informaci\u00f3n personal, usted da su consentimiento para estas transferencias, almacenamiento y procesamiento. Haremos todos los esfuerzos razonables para garantizar que sus datos se tratan de forma segura y de acuerdo con esta pol\u00edtica.<\/p><\/li><li><h3>UPDATES TO THIS PRIVACY POLICY<\/h3><p>Podemos actualizar esta pol\u00edtica de vez en cuando publicando una nueva versi\u00f3n en nuestros sitios web. Le recomendamos que revise peri\u00f3dicamente esta Pol\u00edtica de Privacidad para comprobar si se han producido cambios desde su \u00faltima visita. Esto le ayudar\u00e1 a comprender mejor su relaci\u00f3n con nosotros, incluidas las formas en que procesamos su informaci\u00f3n personal.<\/p><\/li><li><h3>HOW TO CONTACT US<\/h3><p>If you have questions, comments or complaints about this Privacy Policy please email us at <a href=\"mailto:info@prommagroup.com\" target=\"_blank\" rel=\"noopener\">info@prommagroup.com.<\/a><\/p><\/li><\/ol>\t\t\t\t\t\t\t\t<\/div>\n\t\t\t\t<\/div>\n\t\t\t\t<div class=\"elementor-element elementor-element-f8f9f77 elementor-widget elementor-widget-heading\" data-id=\"f8f9f77\" data-element_type=\"widget\" data-e-type=\"widget\" data-widget_type=\"heading.default\">\n\t\t\t\t<div class=\"elementor-widget-container\">\n\t\t\t\t\t<h2 class=\"elementor-heading-title elementor-size-default\">Condiciones de Uso\n<\/h2>\t\t\t\t<\/div>\n\t\t\t\t<\/div>\n\t\t\t\t<div class=\"elementor-element elementor-element-8e069af elementor-widget elementor-widget-text-editor\" data-id=\"8e069af\" data-element_type=\"widget\" data-e-type=\"widget\" data-widget_type=\"text-editor.default\">\n\t\t\t\t<div class=\"elementor-widget-container\">\n\t\t\t\t\t\t\t\t\t<ol><li><h3><strong>Introduction<br \/><\/strong><\/h3><p>These Terms of Service (\u201cTerms\u201d) cover your use of and access to the websites, desktop or mobile applications, and related services and features (collectively, the \u201cServices\u201d) provided by us (\u201cPromma Group\u201d, \u201cwe\u201d,\u201dus\u201d). By using our Services, you are agreeing to these Terms. Please read them carefully.<\/p><\/li><li><h3><strong>Account<\/strong><\/h3><p>Para utilizar muchos de los Servicios, primero debe crear una cuenta (\"Cuenta\"). Usted se compromete a proporcionarnos informaci\u00f3n precisa, completa y actualizada para su Cuenta. Es posible que necesitemos utilizar esta informaci\u00f3n para ponernos en contacto con usted.<br \/>Please safeguard your Account and make sure others don\u2019t have access to your Account or password. You\u2019re solely responsible for any activity on your Account and for maintaining the confidentiality and security of your password. Services are not intended for and may not be used by children under the age of 16. By using Services, you represent that you\u2019re at least 16.<\/p><\/li><li><h3><strong>\u00a0Your Content<\/strong><\/h3><p>Algunos de nuestros Servicios le permiten cargar, presentar, almacenar, enviar o recibir contenidos, incluidos, entre otros, texto, fotos, im\u00e1genes, audio, v\u00eddeo, c\u00f3digo y cualquier otro material. Usted conserva la titularidad de cualquier derecho de propiedad intelectual que posea so<br \/>Usted declara y garantiza que posee todos los derechos sobre su contenido o que tiene (y seguir\u00e1 teniendo) todos los derechos y permisos para utilizar, compartir, mostrar, transferir y conceder licencias legalmente sobre su contenido a trav\u00e9s de los Servicios. Usted declara y garantiza que el uso que haga de sus contenidos no infringir\u00e1 ni violar\u00e1 los derechos de terceros, incluidos, entre otros, los derechos de autor, marcas comerciales, derechos de privacidad, derechos de publicidad, derechos contractuales, secretos comerciales o cualquier otro derecho de propiedad intelectual o de propiedad. No copie, cargue, descargue ni comparta contenidos a menos que tenga derecho a hacerlo.<br \/>When you upload, submit, store, send or receive content to or through our Services, you give us a worldwide license to use, host, store, reproduce, modify, create derivative works, communicate, publish, publicly perform, publicly display and distribute such content. The rights you grant in this license are for the limited purpose of operating, promoting, and improving our Services, and to develop new ones. If you provide us with any suggestions, comments or other feedback, you acknowledge and agree that it may be used by us without any restriction or obligation to you, even after your Account is canceled.<\/p><\/li><li><h3><strong>Your Responsibilities<\/strong><\/h3><p>Usted declara y garantiza que el uso que hace de los Servicios no es contrario a la ley, incluidas, entre otras, las leyes relativas a la conducta en l\u00ednea y el contenido aceptable, los controles de exportaci\u00f3n o importaci\u00f3n, los reglamentos y las sanciones aplicables.<br \/>You represent and warrant that you will not:Copy, modify, create derivative works of, adapt, reverse engineer, emulate, migrate to another service, translate, compile, decompile or disassemble Services;<\/p><ul><li>Sell, sublicense, lease, rent, loan Services;<\/li><li>cargar, publicar, transmitir o poner a disposici\u00f3n cualquier contenido que sea ilegal, malicioso, da\u00f1ino, amenazador, difamatorio, abusivo, obsceno, acosador, tortuoso, difamatorio, vulgar, obsceno, calumnioso, invasivo de la privacidad de otra persona, odioso o censurable desde el punto de vista racial, \u00e9tnico o de otro tipo;<\/li><li>Use any illegal action to collect login data and passwords for other websites, third parties, software or services;<\/li><li>Phish, collect, upload, or otherwise make available credit card information or other forms of financial data used for collecting payments, unless done in accordance with any applicable law, including, with the PCI DSS standard when applicable;<\/li><li>Use any \u201crobot\u201d, \u201cspider\u201d or other automatic device, program, script, or any similar or equivalent manual process, to access, acquire, copy, or monitor Services;<\/li><li>Act in a manner which might be perceived as damaging to Promma Group reputation and goodwill or which may bring Promma Group into disrepute or harm;<\/li><li>Purchase domains and ads that use Promma Group and variations and misspellings thereof;<\/li><li>Breach or otherwise bypass any security or authentication measures;<\/li><li>Upload to Services any virus, worm, Trojan Horse, time bomb, web bug, spyware, malware, or any other computer code, file, or program that may or is intended to damage or hijack the operation of any hardware, software, or telecommunications equipment, or any other actually or potentially harmful, disruptive, or invasive code or component;<\/li><li>Take any action that imposes an unreasonable or disproportionately large load on the infrastructure of Services or networks connected to Services;<\/li><li>Use any of Services in connection with any form of spam, unsolicited mail, fraud, scam, phishing, \u201cchain letters\u201d, \u201cpyramid schemes\u201d or similar conduct, or otherwise engage in unethical marketing or advertising;<\/li><li>Access to Service through any means or technology, other than our publicly supported interfaces;<\/li><li>Remove or alter any copyright notices, watermarks, restrictions and signs indicating proprietary rights;<\/li><li>Upload files for the sole purpose of having them hosted by Services and for use outside of Services;<\/li><li>Upload, post or otherwise transmit any content that is adult in nature, such as any nudity in a sexual context;<\/li><li>Usted reconoce y acepta que el incumplimiento por su parte de cualquiera de las disposiciones anteriores o cualquier declaraci\u00f3n falsa realizada por usted en el presente documento puede dar lugar a la cancelaci\u00f3n inmediata de su Cuenta y de cualquier Servicio que se le preste, con o sin previo aviso, y sin ning\u00fan reembolso de las cantidades pagadas a cuenta de cualquiera de dichos Servicios.<\/li><\/ul><\/li><li><h3><strong>\u00a0Our Rights<br \/><\/strong><\/h3><p>The Services are protected by copyright, trademark and other US and foreign laws. Therms doesn\u2019t grant you any right, title or interest in the Services, others\u2019 user content, our trademarks, logos or other brand features or intellectual property or trade secrets or others\u2019 content in the Services. You agree not to change, translate or otherwise create derivative works of the Services or others\u2019 user content. We reserve the rights, which we may exercise at any time and in our sole discretion, and without liability or notice to you (except where prohibited by applicable law): (a) we may change parts or all of the Services and their functionality; (b) we may suspend or discontinue parts or all of the Services; (c) we may terminate, suspend, restrict or disable your access to or use of parts or all of the Services; (d) we may terminate, suspend, restrict or disable access to your Account or parts, some or all of your sites; and (e) we may change our eligibility criteria to use the Services (and if such eligibility criteria changes are prohibited by law where you live, we may revoke your right to use the Services in that jurisdiction).<\/p><\/li><li><h3>Privacy and Copyright<\/h3><div>\u00a0<\/div><p>Our Privacy Policy (https:\/\/www.prommagroup.com\/privacy.html) explain how we treat your personal data and protect your privacy when you use our Services. By using our Services, you agree that we can use such data in accordance with our Privacy Policy.\u00a0We respond to notices of alleged copyright infringement if they comply with the law. We reserve the right to delete or disable content alleged to be infringing, and to terminate Accounts of repeat infringers without any refunds.<\/p><\/li><li><h3>Paid Services<\/h3><p>Puede acceder a determinadas partes de los Servicios mediante el pago de una cuota (dichos servicios adicionales, \"Servicios de Pago\"). Los Servicios de Pago permanecer\u00e1n en vigor hasta su cancelaci\u00f3n o rescisi\u00f3n de conformidad con las Condiciones. Puede cancelar los Servicios de Pago en cualquier momento a trav\u00e9s de los Servicios. Si no paga los Servicios de Pago a tiempo, nos reservamos el derecho a suspender o cancelar su acceso a los Servicios de Pago. Tambi\u00e9n pueden aplicarse tarifas de transacci\u00f3n y tarifas adicionales a determinadas partes de los Servicios.<\/p><p>Todas las tarifas excluyen los impuestos nacionales, provinciales, estatales, locales o de otro tipo aplicables, a menos que se indique expl\u00edcitamente lo contrario. Usted es responsable de todos los impuestos aplicables, y le cobraremos impuestos adem\u00e1s de las tarifas de los Servicios cuando sea necesario.<\/p><p>Para garantizar un servicio ininterrumpido, le facturaremos autom\u00e1ticamente determinados Servicios de Pago a partir de la fecha en que env\u00ede su pago inicial y en cada periodo de renovaci\u00f3n posterior hasta su cancelaci\u00f3n. Su per\u00edodo de renovaci\u00f3n ser\u00e1 igual en el tiempo al per\u00edodo de renovaci\u00f3n de su suscripci\u00f3n actual. Le cobraremos autom\u00e1ticamente el importe aplicable utilizando el m\u00e9todo de pago que tenga registrado con nosotros. Puede desactivar la renovaci\u00f3n autom\u00e1tica en cualquier momento a trav\u00e9s de https:\/\/secure.2co.com\/myaccount\/.<\/p><p>Si no est\u00e1 satisfecho con los Servicios de pago, puede recibir un reembolso en un plazo de 14 d\u00edas a partir del primer pedido. El reembolso s\u00f3lo es aplicable a la compra inicial de Servicios. El reembolso no es aplicable a ninguna compra adicional, actualizaci\u00f3n, modificaci\u00f3n o renovaci\u00f3n de los Servicios. Algunos servicios pueden no ser reembolsables. Entre ellos se incluyen servicios de terceros como dominios, herramientas empresariales y aplicaciones.<\/p><\/li><li><h3>Cancellation<\/h3><p>Puede dejar de utilizar y cancelar su Cuenta y Servicios en cualquier momento a trav\u00e9s de los Servicios. La fecha efectiva para la cancelaci\u00f3n ser\u00e1 la fecha en la que haya completado el proceso de cancelaci\u00f3n a trav\u00e9s de los Servicios, y la fecha efectiva para la cancelaci\u00f3n de los Servicios de Pago ser\u00e1 al final del periodo de suscripci\u00f3n de dichos Servicios de Pago. Nos reservamos el derecho a modificar, suspender, interrumpir, cancelar, restringir o inhabilitar su uso o acceso a partes o a la totalidad de los Servicios o su funcionalidad en cualquier momento, a nuestra entera discreci\u00f3n y sin previo aviso. Por ejemplo, podemos suspender o cancelar su Cuenta si est\u00e1 infringiendo estas Condiciones.<\/p><\/li><li><h3>Disclaimer of Warranties<\/h3><p>Proporcionamos los Servicios \"tal cual\" y \"seg\u00fan disponibilidad\", sin garant\u00edas de ning\u00fan tipo, incluidas las garant\u00edas o condiciones impl\u00edcitas de comerciabilidad, idoneidad para un fin determinado, esfuerzo profesional, no infracci\u00f3n o cualquier otra garant\u00eda, todo ello en la m\u00e1xima medida permitida por la ley. En concreto, no declaramos ni garantizamos que los Servicios sean completos, precisos, de cierta calidad, fiables o seguros en modo alguno, adecuados o compatibles con cualquiera de sus actividades contempladas, dispositivos, sistemas operativos, navegadores, software o herramientas, ni que cumplan las leyes que le sean de aplicaci\u00f3n (incluida cualquier jurisdicci\u00f3n en la que opere), ni que su funcionamiento est\u00e9 libre de virus, errores u otros componentes da\u00f1inos o limitaciones de programas.<br \/>Podemos lanzar productos y funciones que a\u00fan estamos probando y evaluando. Esos Servicios se marcar\u00e1n como beta, vista previa o acceso anticipado, y a\u00fan pueden contener errores de software, sufrir interrupciones y no funcionar seg\u00fan lo previsto o designado.<\/p><\/li><li><h3>Limitation of Liability<\/h3><p>En la m\u00e1xima medida permitida por la ley en cada jurisdicci\u00f3n aplicable, Grupo Promma, sus funcionarios, directores, accionistas, empleados, afiliados y \/ o agentes no ser\u00e1n responsables ante usted por cualquier da\u00f1o directo, indirecto, incidental, especial, punitivo, ejemplar o consecuente en absoluto, incluyendo cualquier da\u00f1o resultante de (1) errores, equivocaciones o inexactitudes de o en cualquier contenido; (2) cualquier lesi\u00f3n personal o da\u00f1o a la propiedad relacionado con su uso de los Servicios; (3) cualquier acceso o uso no autorizado de nuestros servidores y\/o cualquier informaci\u00f3n personal y\/u otra informaci\u00f3n almacenada en los mismos; (4) cualquier interrupci\u00f3n o cese de la transmisi\u00f3n hacia o desde los Servicios; (5) el uso o la visualizaci\u00f3n de cualquier contenido o contenido de usuario publicado, enviado por correo electr\u00f3nico, transmitido o puesto a disposici\u00f3n de otro modo a trav\u00e9s de los Servicios; (6) acontecimientos que escapen al control razonable de Mobirise, incluidos fallos de Internet, fallos de los equipos, fallos de la energ\u00eda el\u00e9ctrica, huelgas, conflictos laborales, revueltas, insurrecciones, disturbios civiles, escasez de mano de obra o materiales, incendios, inundaciones, tormentas, terremotos, explosiones, casos fortuitos, guerras, terrorismo, luchas intergal\u00e1cticas, acciones gubernamentales, \u00f3rdenes de juzgados, organismos o tribunales o incumplimiento de terceros; y\/o (7) p\u00e9rdida de uso, datos, beneficios, fondo de comercio u otras p\u00e9rdidas intangibles, resultantes del uso o de la imposibilidad de usar alguno o todos los Servicios.<\/p><\/li><li><h3>General<\/h3><p>Podemos actualizar las Condiciones de vez en cuando publicando una nueva versi\u00f3n en nuestros sitios web. Le recomendamos que revise peri\u00f3dicamente estas Condiciones para comprobar si se han producido cambios desde su \u00faltima visita. Al continuar utilizando o accediendo a los Servicios despu\u00e9s de que cualquier modificaci\u00f3n entre en vigor, usted acepta quedar vinculado por las Condiciones modificadas y los cambios de precios. Si no est\u00e1 de acuerdo con nuestros cambios, debe dejar de utilizar los Servicios y cancelar todos los Servicios de Pago.<\/p><\/li><\/ol>\t\t\t\t\t\t\t\t<\/div>\n\t\t\t\t<\/div>\n\t\t\t\t<div class=\"elementor-element elementor-element-804c83f elementor-widget-divider--view-line elementor-widget elementor-widget-divider\" data-id=\"804c83f\" data-element_type=\"widget\" data-e-type=\"widget\" data-widget_type=\"divider.default\">\n\t\t\t\t<div class=\"elementor-widget-container\">\n\t\t\t\t\t\t\t<div class=\"elementor-divider\">\n\t\t\t<span class=\"elementor-divider-separator\">\n\t\t\t\t\t\t<\/span>\n\t\t<\/div>\n\t\t\t\t\t\t<\/div>\n\t\t\t\t<\/div>\n\t\t\t\t<div class=\"elementor-element elementor-element-992bc44 elementor-widget elementor-widget-text-editor\" data-id=\"992bc44\" data-element_type=\"widget\" data-e-type=\"widget\" data-widget_type=\"text-editor.default\">\n\t\t\t\t<div class=\"elementor-widget-container\">\n\t\t\t\t\t\t\t\t\t<p>Please email <a href=\"mailto:info@prommagroup.com\">info@prommagroup.com<\/a> to report any violations of these Terms.<br \/>To contact our customer support, please email at <a href=\"mailto:info@prommagroup.com\">info@prommagroup.com<\/a>.<\/p>\t\t\t\t\t\t\t\t<\/div>\n\t\t\t\t<\/div>\n\t\t\t\t<\/div>\n\t\t\t\t\t<\/div>\n\t\t\t\t<\/div>\n\t\t\t\t<\/div>","protected":false},"excerpt":{"rendered":"<p>Privacy Policy and Terms of Service PRIVACY POLICY WHAT THIS PRIVACY POLICY COVERS This Mobirise Privacy Policy (&#8220;Privacy Policy&#8221;) describes how we (&#8220;Promma Group&#8221;, &#8220;we&#8221;,&#8221;us&#8221;) collect and use information pertaining to each of our visitors and registered users (&#8220;User&#8221;, &#8220;you&#8221;), in connection with their access to and use of Promma Group websites, desktop or mobile [&hellip;]<\/p>\n","protected":false},"author":1,"featured_media":0,"parent":0,"menu_order":0,"comment_status":"closed","ping_status":"closed","template":"","meta":{"footnotes":""},"class_list":["post-417","page","type-page","status-publish","hentry"],"_links":{"self":[{"href":"https:\/\/prommagroup.com\/es\/wp-json\/wp\/v2\/pages\/417","targetHints":{"allow":["GET"]}}],"collection":[{"href":"https:\/\/prommagroup.com\/es\/wp-json\/wp\/v2\/pages"}],"about":[{"href":"https:\/\/prommagroup.com\/es\/wp-json\/wp\/v2\/types\/page"}],"author":[{"embeddable":true,"href":"https:\/\/prommagroup.com\/es\/wp-json\/wp\/v2\/users\/1"}],"replies":[{"embeddable":true,"href":"https:\/\/prommagroup.com\/es\/wp-json\/wp\/v2\/comments?post=417"}],"version-history":[{"count":59,"href":"https:\/\/prommagroup.com\/es\/wp-json\/wp\/v2\/pages\/417\/revisions"}],"predecessor-version":[{"id":4021,"href":"https:\/\/prommagroup.com\/es\/wp-json\/wp\/v2\/pages\/417\/revisions\/4021"}],"wp:attachment":[{"href":"https:\/\/prommagroup.com\/es\/wp-json\/wp\/v2\/media?parent=417"}],"curies":[{"name":"wp","href":"https:\/\/api.w.org\/{rel}","templated":true}]}}